{"id":3812,"date":"2025-10-22T13:31:36","date_gmt":"2025-10-22T13:31:36","guid":{"rendered":"https:\/\/darkslateblue-oryx-300132.hostingersite.com\/?page_id=3812"},"modified":"2025-10-22T13:32:36","modified_gmt":"2025-10-22T13:32:36","slug":"keyword-tool","status":"publish","type":"page","link":"https:\/\/adriangram.ch\/en\/keyword-tool\/","title":{"rendered":"Keyword tool"},"content":{"rendered":"<!-- \n===========================================\nPAGINA WORDPRESS - KEYWORD RESEARCH TOOL\n===========================================\n\nISTRUZIONI:\n1. Crea una nuova pagina WordPress\n2. Incolla questo codice nell'editor HTML\n3. Il plugin far\u00e0 il resto con lo shortcode!\n\nDesign: SEO Authority Professional\n===========================================\n-->\n\n<!-- SHORTCODE DEL PLUGIN - Il tool interattivo appare qui -->\n[adrian_keyword_tool]\n\n<!-- SEO Content Section - Dopo lo shortcode -->\n<div style=\"max-width: 1200px; margin: 40px auto; padding: 0 20px;\">\n    \n    <!-- Come Funziona -->\n    <section style=\"margin-bottom: 60px;\">\n        <h2 style=\"font-size: 36px; font-weight: 800; color: #0F172A; margin-bottom: 30px; text-align: center;\">\n            How the Keyword Research Tool Works\n        <\/h2>\n        \n        <div style=\"display: grid; grid-template-columns: repeat(auto-fit, minmax(280px, 1fr)); gap: 30px; margin-bottom: 40px;\">\n            <!-- Card 1 -->\n            <div style=\"background: #ffffff; border: 2px solid #E2E8F0; border-radius: 16px; padding: 30px; transition: all 0.3s ease;\">\n                <div style=\"font-size: 48px; margin-bottom: 15px;\">\ud83d\udcca<\/div>\n                <h3 style=\"font-size: 20px; font-weight: 700; color: #0F172A; margin-bottom: 12px;\">\n                    Research Volume\n                <\/h3>\n                <p style=\"color: #64748B; line-height: 1.6; font-size: 15px;\">\n                    Find out how many people search for your keyword on Google Italy each month. Updated and accurate data.\n                <\/p>\n            <\/div>\n            \n            <!-- Card 2 -->\n            <div style=\"background: #ffffff; border: 2px solid #E2E8F0; border-radius: 16px; padding: 30px;\">\n                <div style=\"font-size: 48px; margin-bottom: 15px;\">\ud83c\udfaf<\/div>\n                <h3 style=\"font-size: 20px; font-weight: 700; color: #0F172A; margin-bottom: 12px;\">\n                    SEO Difficulty\n                <\/h3>\n                <p style=\"color: #64748B; line-height: 1.6; font-size: 15px;\">\n                    Rate how difficult it is to rank on the first page on a scale of 0 to 100. Find easy keywords.\n                <\/p>\n            <\/div>\n            \n            <!-- Card 3 -->\n            <div style=\"background: #ffffff; border: 2px solid #E2E8F0; border-radius: 16px; padding: 30px;\">\n                <div style=\"font-size: 48px; margin-bottom: 15px;\">\ud83d\udcb0<\/div>\n                <h3 style=\"font-size: 20px; font-weight: 700; color: #0F172A; margin-bottom: 12px;\">\n                    CPC and Value\n                <\/h3>\n                <p style=\"color: #64748B; line-height: 1.6; font-size: 15px;\">\n                    Average cost per click on Google Ads. The higher the CPC, the greater the keyword&#039;s commercial value.\n                <\/p>\n            <\/div>\n            \n            <!-- Card 4 -->\n            <div style=\"background: #ffffff; border: 2px solid #E2E8F0; border-radius: 16px; padding: 30px;\">\n                <div style=\"font-size: 48px; margin-bottom: 15px;\">\ud83d\udd0d<\/div>\n                <h3 style=\"font-size: 20px; font-weight: 700; color: #0F172A; margin-bottom: 12px;\">\n                    Search Intent\n                <\/h3>\n                <p style=\"color: #64748B; line-height: 1.6; font-size: 15px;\">\n                    Identify search intent: informational, commercial, or transactional to create targeted content.\n                <\/p>\n            <\/div>\n        <\/div>\n    <\/section>\n\n    <!-- Perch\u00e9 Usare Questo Tool -->\n    <section style=\"background: linear-gradient(135deg, #0F172A 0%, #1E293B 100%); color: #ffffff; padding: 60px 40px; border-radius: 20px; margin-bottom: 60px;\">\n        <div style=\"max-width: 900px; margin: 0 auto;\">\n            <h2 style=\"font-size: 36px; font-weight: 800; margin-bottom: 30px; text-align: center;\">\n                Why Use This Keyword Research Tool\n            <\/h2>\n            \n            <div style=\"display: grid; gap: 20px;\">\n                <div style=\"display: flex; gap: 15px; align-items: flex-start;\">\n                    <div style=\"flex-shrink: 0; width: 32px; height: 32px; background: rgba(56, 189, 248, 0.2); border-radius: 8px; display: flex; align-items: center; justify-content: center; font-size: 20px;\">\u2713<\/div>\n                    <div>\n                        <strong style=\"display: block; font-size: 18px; margin-bottom: 5px;\">Find Low-Competition Keywords<\/strong>\n                        <p style=\"color: #CBD5E1; margin: 0; line-height: 1.6;\">Identify low-difficulty keywords to rank faster on Google.<\/p>\n                    <\/div>\n                <\/div>\n                \n                <div style=\"display: flex; gap: 15px; align-items: flex-start;\">\n                    <div style=\"flex-shrink: 0; width: 32px; height: 32px; background: rgba(56, 189, 248, 0.2); border-radius: 8px; display: flex; align-items: center; justify-content: center; font-size: 20px;\">\u2713<\/div>\n                    <div>\n                        <strong style=\"display: block; font-size: 18px; margin-bottom: 5px;\">Discover Long Tail Keywords That Convert<\/strong>\n                        <p style=\"color: #CBD5E1; margin: 0; line-height: 1.6;\">Long-tail keywords have less competition and higher conversion rates.<\/p>\n                    <\/div>\n                <\/div>\n                \n                <div style=\"display: flex; gap: 15px; align-items: flex-start;\">\n                    <div style=\"flex-shrink: 0; width: 32px; height: 32px; background: rgba(56, 189, 248, 0.2); border-radius: 8px; display: flex; align-items: center; justify-content: center; font-size: 20px;\">\u2713<\/div>\n                    <div>\n                        <strong style=\"display: block; font-size: 18px; margin-bottom: 5px;\">Analyze Search Intent<\/strong>\n                        <p style=\"color: #CBD5E1; margin: 0; line-height: 1.6;\">Understand what users are really looking for to create content that meets their needs.<\/p>\n                    <\/div>\n                <\/div>\n                \n                <div style=\"display: flex; gap: 15px; align-items: flex-start;\">\n                    <div style=\"flex-shrink: 0; width: 32px; height: 32px; background: rgba(56, 189, 248, 0.2); border-radius: 8px; display: flex; align-items: center; justify-content: center; font-size: 20px;\">\u2713<\/div>\n                    <div>\n                        <strong style=\"display: block; font-size: 18px; margin-bottom: 5px;\">Generate SEO Content Ideas<\/strong>\n                        <p style=\"color: #CBD5E1; margin: 0; line-height: 1.6;\">Get automatic suggestions for articles, guides, and FAQs based on real searches.<\/p>\n                    <\/div>\n                <\/div>\n            <\/div>\n        <\/div>\n    <\/section>\n\n    <!-- Cos'\u00e8 la Keyword Research -->\n    <section style=\"margin-bottom: 60px;\">\n        <h2 style=\"font-size: 36px; font-weight: 800; color: #0F172A; margin-bottom: 25px;\">\n            What is Keyword Research?\n        <\/h2>\n        \n        <p style=\"font-size: 18px; line-height: 1.8; color: #475569; margin-bottom: 20px;\">\n            There <strong>keyword research<\/strong> (Keyword research) is the fundamental process of identifying and analyzing the terms that users type into search engines like Google. It is the basis of any <strong>effective SEO strategy<\/strong>.\n        <\/p>\n        \n        <p style=\"font-size: 18px; line-height: 1.8; color: #475569; margin-bottom: 20px;\">\n            Through a <strong>professional keyword research tool<\/strong>, you can discover:\n        <\/p>\n        \n        <ul style=\"font-size: 18px; line-height: 2; color: #475569; margin-bottom: 30px; padding-left: 30px;\">\n            <li><strong>What keywords do users search for?<\/strong> in your industry<\/li>\n            <li><strong>How much search volume<\/strong> generates every keyword<\/li>\n            <li><strong>How difficult is it to position yourself<\/strong> for that keyword<\/li>\n            <li><strong>The commercial value<\/strong> of each search term<\/li>\n            <li><strong>Related keywords and variations<\/strong> to expand your strategy<\/li>\n        <\/ul>\n    <\/section>\n\n    <!-- Come Fare Keyword Research -->\n    <section style=\"background: #F8FAFC; padding: 50px 40px; border-radius: 20px; margin-bottom: 60px;\">\n        <h2 style=\"font-size: 36px; font-weight: 800; color: #0F172A; margin-bottom: 30px; text-align: center;\">\n            How to Do Effective Keyword Research\n        <\/h2>\n        \n        <div style=\"max-width: 800px; margin: 0 auto;\">\n            <!-- Step 1 -->\n            <div style=\"display: flex; gap: 20px; margin-bottom: 30px; align-items: flex-start;\">\n                <div style=\"flex-shrink: 0; width: 48px; height: 48px; background: linear-gradient(135deg, #0284C7, #0369A1); color: white; border-radius: 12px; display: flex; align-items: center; justify-content: center; font-size: 24px; font-weight: 800;\">1<\/div>\n                <div>\n                    <h3 style=\"font-size: 22px; font-weight: 700; color: #0F172A; margin-bottom: 10px;\">\n                        Identify Your Main Topic\n                    <\/h3>\n                    <p style=\"font-size: 16px; color: #64748B; line-height: 1.7; margin: 0;\">\n                        Start with the general topic of your business or content. For example: &quot;digital marketing,&quot; &quot;vegan recipes,&quot; &quot;fitness.&quot;.\n                    <\/p>\n                <\/div>\n            <\/div>\n            \n            <!-- Step 2 -->\n            <div style=\"display: flex; gap: 20px; margin-bottom: 30px; align-items: flex-start;\">\n                <div style=\"flex-shrink: 0; width: 48px; height: 48px; background: linear-gradient(135deg, #0284C7, #0369A1); color: white; border-radius: 12px; display: flex; align-items: center; justify-content: center; font-size: 24px; font-weight: 800;\">2<\/div>\n                <div>\n                    <h3 style=\"font-size: 22px; font-weight: 700; color: #0F172A; margin-bottom: 10px;\">\n                        Use the Tool to Analyze\n                    <\/h3>\n                    <p style=\"font-size: 16px; color: #64748B; line-height: 1.7; margin: 0;\">\n                        Enter your keyword into the tool above and analyze volume, difficulty, and CPC. Repeat for different variations.\n                    <\/p>\n                <\/div>\n            <\/div>\n            \n            <!-- Step 3 -->\n            <div style=\"display: flex; gap: 20px; margin-bottom: 30px; align-items: flex-start;\">\n                <div style=\"flex-shrink: 0; width: 48px; height: 48px; background: linear-gradient(135deg, #0284C7, #0369A1); color: white; border-radius: 12px; display: flex; align-items: center; justify-content: center; font-size: 24px; font-weight: 800;\">3<\/div>\n                <div>\n                    <h3 style=\"font-size: 22px; font-weight: 700; color: #0F172A; margin-bottom: 10px;\">\n                        Find Long Tail Keywords\n                    <\/h3>\n                    <p style=\"font-size: 16px; color: #64748B; line-height: 1.7; margin: 0;\">\n                        Look for more specific and longer keywords (3-5 words). They have less competition and are more likely to convert.\n                    <\/p>\n                <\/div>\n            <\/div>\n            \n            <!-- Step 4 -->\n            <div style=\"display: flex; gap: 20px; margin-bottom: 30px; align-items: flex-start;\">\n                <div style=\"flex-shrink: 0; width: 48px; height: 48px; background: linear-gradient(135deg, #0284C7, #0369A1); color: white; border-radius: 12px; display: flex; align-items: center; justify-content: center; font-size: 24px; font-weight: 800;\">4<\/div>\n                <div>\n                    <h3 style=\"font-size: 22px; font-weight: 700; color: #0F172A; margin-bottom: 10px;\">\n                        Analyze Search Intent\n                    <\/h3>\n                    <p style=\"font-size: 16px; color: #64748B; line-height: 1.7; margin: 0;\">\n                        Identify whether the user is looking for information, wants to buy, or wants to compare products. Create content that aligns with their intent.\n                    <\/p>\n                <\/div>\n            <\/div>\n            \n            <!-- Step 5 -->\n            <div style=\"display: flex; gap: 20px; align-items: flex-start;\">\n                <div style=\"flex-shrink: 0; width: 48px; height: 48px; background: linear-gradient(135deg, #0284C7, #0369A1); color: white; border-radius: 12px; display: flex; align-items: center; justify-content: center; font-size: 24px; font-weight: 800;\">5<\/div>\n                <div>\n                    <h3 style=\"font-size: 22px; font-weight: 700; color: #0F172A; margin-bottom: 10px;\">\n                        Create Optimized Content\n                    <\/h3>\n                    <p style=\"font-size: 16px; color: #64748B; line-height: 1.7; margin: 0;\">\n                        Write articles, guides, or product pages optimized for your selected keywords, including variations and synonyms, of course.\n                    <\/p>\n                <\/div>\n            <\/div>\n        <\/div>\n    <\/section>\n\n    <!-- FAQ Section -->\n    <section style=\"margin-bottom: 60px;\">\n        <h2 style=\"font-size: 36px; font-weight: 800; color: #0F172A; margin-bottom: 30px; text-align: center;\">\n            Frequently Asked Questions (FAQ)\n        <\/h2>\n        \n        <div style=\"max-width: 900px; margin: 0 auto;\">\n            <!-- FAQ 1 -->\n            <div style=\"background: #ffffff; border: 2px solid #E2E8F0; border-left: 4px solid #0284C7; border-radius: 12px; padding: 30px; margin-bottom: 20px;\">\n                <h3 style=\"font-size: 20px; font-weight: 700; color: #0F172A; margin-bottom: 12px;\">\n                    \u2753 What is a keyword research tool?\n                <\/h3>\n                <p style=\"font-size: 16px; color: #64748B; line-height: 1.7; margin: 0;\">\n                    A <strong>keyword research tool<\/strong> It&#039;s a tool that allows you to analyze keywords searched by users on Google. It provides data such as search volume, SEO difficulty, and CPC, and suggests related keywords to optimize your SEO strategy.\n                <\/p>\n            <\/div>\n            \n            <!-- FAQ 2 -->\n            <div style=\"background: #ffffff; border: 2px solid #E2E8F0; border-left: 4px solid #0284C7; border-radius: 12px; padding: 30px; margin-bottom: 20px;\">\n                <h3 style=\"font-size: 20px; font-weight: 700; color: #0F172A; margin-bottom: 12px;\">\n                    \u2753 Is this tool really free?\n                <\/h3>\n                <p style=\"font-size: 16px; color: #64748B; line-height: 1.7; margin: 0;\">\n                    Yes, this <strong>keyword research tool is 100% free<\/strong>. No registration, credit card, or subscription required. You can analyze as many keywords as you want and download the reports in CSV format.\n                <\/p>\n            <\/div>\n            \n            <!-- FAQ 3 -->\n            <div style=\"background: #ffffff; border: 2px solid #E2E8F0; border-left: 4px solid #0284C7; border-radius: 12px; padding: 30px; margin-bottom: 20px;\">\n                <h3 style=\"font-size: 20px; font-weight: 700; color: #0F172A; margin-bottom: 12px;\">\n                    \u2753 What are long tail keywords?\n                <\/h3>\n                <p style=\"font-size: 16px; color: #64748B; line-height: 1.7; margin: 0;\">\n                    The <strong>long-tail keywords<\/strong> (Long-tail keywords) are longer, more specific search phrases, usually 3-5 words or more. They have lower search volume but higher conversion rates and less competition. Example: &quot;best free Italian keyword research tool.&quot;.\n                <\/p>\n            <\/div>\n            \n            <!-- FAQ 4 -->\n            <div style=\"background: #ffffff; border: 2px solid #E2E8F0; border-left: 4px solid #0284C7; border-radius: 12px; padding: 30px; margin-bottom: 20px;\">\n                <h3 style=\"font-size: 20px; font-weight: 700; color: #0F172A; margin-bottom: 12px;\">\n                    \u2753 What does \u201cSEO difficulty\u201d mean?\n                <\/h3>\n                <p style=\"font-size: 16px; color: #64748B; line-height: 1.7; margin: 0;\">\n                    There <strong>SEO difficulty<\/strong> It&#039;s a score from 0 to 100 that indicates how difficult it is to rank on the first page of Google for that keyword. A low score (0-30) indicates low competition, medium (30-70) moderate competition, and high (70-100) high competition.\n                <\/p>\n            <\/div>\n            \n            <!-- FAQ 5 -->\n            <div style=\"background: #ffffff; border: 2px solid #E2E8F0; border-left: 4px solid #0284C7; border-radius: 12px; padding: 30px; margin-bottom: 20px;\">\n                <h3 style=\"font-size: 20px; font-weight: 700; color: #0F172A; margin-bottom: 12px;\">\n                    \u2753 What is search intent?\n                <\/h3>\n                <p style=\"font-size: 16px; color: #64748B; line-height: 1.7; margin: 0;\">\n                    The <strong>search intent<\/strong> (search intent) indicates what the user wants to achieve with their search. It can be:<br>\n                    \u2022 <strong>Informative<\/strong>: search for information (e.g. \u201cwhat is SEO\u201d)<br>\n                    \u2022 <strong>Commercial<\/strong>: research before buying (e.g. \u201cbest smartphones\u201d)<br>\n                    \u2022 <strong>Transactional<\/strong>: wants to buy (e.g. \u201cbuy iPhone 15\u201d)\n                <\/p>\n            <\/div>\n            \n            <!-- FAQ 6 -->\n            <div style=\"background: #ffffff; border: 2px solid #E2E8F0; border-left: 4px solid #0284C7; border-radius: 12px; padding: 30px;\">\n                <h3 style=\"font-size: 20px; font-weight: 700; color: #0F172A; margin-bottom: 12px;\">\n                    \u2753 How can I download the results?\n                <\/h3>\n                <p style=\"font-size: 16px; color: #64748B; line-height: 1.7; margin: 0;\">\n                    After analyzing a keyword, click on the button <strong>\u201cDownload CSV Report\u201d<\/strong>. You&#039;ll be asked to enter your email address (so we can send you helpful SEO updates) and you&#039;ll immediately receive a CSV file with all the analyzed keywords, volume, difficulty, and suggestions.\n                <\/p>\n            <\/div>\n        <\/div>\n    <\/section>\n\n    <!-- CTA Finale -->\n    <section style=\"background: linear-gradient(135deg, #047857 0%, #059669 100%); color: white; padding: 60px 40px; border-radius: 20px; text-align: center;\">\n        <h2 style=\"font-size: 36px; font-weight: 800; margin-bottom: 20px;\">\n            Start Your Keyword Research Now\n        <\/h2>\n        <p style=\"font-size: 18px; opacity: 0.95; margin-bottom: 30px; max-width: 700px; margin-left: auto; margin-right: auto;\">\n            Use the tool above to find the best keywords for your business. Professional analysis, free 100%, no registration required.\n        <\/p>\n        <a href=\"#top\" style=\"display: inline-block; background: white; color: #047857; padding: 18px 40px; border-radius: 12px; font-weight: 700; font-size: 18px; text-decoration: none; transition: all 0.3s ease;\">\n            \u2b06\ufe0f Back to the Tool\n        <\/a>\n    <\/section>\n\n<\/div>\n\n<!-- Schema.org FAQ Markup per Google -->\n<script type=\"application\/ld+json\">\n{\n  \"@context\": \"https:\/\/schema.org\",\n  \"@type\": \"FAQPage\",\n  \"mainEntity\": [\n    {\n      \"@type\": \"Question\",\n      \"name\": \"Cos'\u00e8 un keyword research tool?\",\n      \"acceptedAnswer\": {\n        \"@type\": \"Answer\",\n        \"text\": \"Un keyword research tool \u00e8 uno strumento che permette di analizzare le parole chiave cercate dagli utenti su Google. Fornisce dati come volume di ricerca, difficolt\u00e0 SEO, CPC e suggerisce keyword correlate per ottimizzare la tua strategia SEO.\"\n      }\n    },\n    {\n      \"@type\": \"Question\",\n      \"name\": \"Questo tool \u00e8 davvero gratuito?\",\n      \"acceptedAnswer\": {\n        \"@type\": \"Answer\",\n        \"text\": \"S\u00ec, questo keyword research tool \u00e8 100% gratuito. Non \u00e8 richiesta nessuna registrazione, carta di credito o abbonamento. Puoi analizzare tutte le keyword che vuoi e scaricare i report in formato CSV.\"\n      }\n    },\n    {\n      \"@type\": \"Question\",\n      \"name\": \"Cosa sono le long tail keywords?\",\n      \"acceptedAnswer\": {\n        \"@type\": \"Answer\",\n        \"text\": \"Le long tail keywords (parole chiave a coda lunga) sono frasi di ricerca pi\u00f9 lunghe e specifiche, solitamente composte da 3-5 parole o pi\u00f9. Hanno meno volume di ricerca ma maggiore tasso di conversione e minore concorrenza.\"\n      }\n    }\n  ]\n}\n<\/script>","protected":false},"excerpt":{"rendered":"","protected":false},"author":1,"featured_media":0,"parent":0,"menu_order":0,"comment_status":"closed","ping_status":"closed","template":"","meta":{"footnotes":""},"class_list":["post-3812","page","type-page","status-publish"],"_links":{"self":[{"href":"https:\/\/adriangram.ch\/en\/wp-json\/wp\/v2\/pages\/3812","targetHints":{"allow":["GET"]}}],"collection":[{"href":"https:\/\/adriangram.ch\/en\/wp-json\/wp\/v2\/pages"}],"about":[{"href":"https:\/\/adriangram.ch\/en\/wp-json\/wp\/v2\/types\/page"}],"author":[{"embeddable":true,"href":"https:\/\/adriangram.ch\/en\/wp-json\/wp\/v2\/users\/1"}],"replies":[{"embeddable":true,"href":"https:\/\/adriangram.ch\/en\/wp-json\/wp\/v2\/comments?post=3812"}],"version-history":[{"count":5,"href":"https:\/\/adriangram.ch\/en\/wp-json\/wp\/v2\/pages\/3812\/revisions"}],"predecessor-version":[{"id":3817,"href":"https:\/\/adriangram.ch\/en\/wp-json\/wp\/v2\/pages\/3812\/revisions\/3817"}],"wp:attachment":[{"href":"https:\/\/adriangram.ch\/en\/wp-json\/wp\/v2\/media?parent=3812"}],"curies":[{"name":"wp","href":"https:\/\/api.w.org\/{rel}","templated":true}]}}