{"id":3590,"date":"2024-07-25T09:40:20","date_gmt":"2024-07-25T09:40:20","guid":{"rendered":"https:\/\/darkslateblue-oryx-300132.hostingersite.com\/?page_id=3590"},"modified":"2025-12-19T09:40:47","modified_gmt":"2025-12-19T09:40:47","slug":"cookie-richtlinie","status":"publish","type":"page","link":"https:\/\/adriangram.ch\/de\/cookie-richtlinie\/","title":{"rendered":"Cookie-Richtlinie"},"content":{"rendered":"<h3 class=\"wp-block-heading\">Cookie-Richtlinie<\/h3>\n\n\n\n<p><strong>Letzte Aktualisierung: [25.07.2024]<\/strong><\/p>\n\n\n\n<p><strong>1. Was sind Cookies?<\/strong><\/p>\n\n\n\n<p>Cookies sind kleine Textdateien, die beim Besuch einer Website auf Ihrem Ger\u00e4t gespeichert werden. Wir verwenden Cookies, um Ihr Surferlebnis zu verbessern und die Nutzung unserer Website zu analysieren.<\/p>\n\n\n\n<p><strong>2. Arten von Cookies, die wir verwenden<\/strong><\/p>\n\n\n\n<ul class=\"wp-block-list\">\n<li><strong>Essenzielle Cookies<\/strong>Diese Cookies sind f\u00fcr die Funktion der Website erforderlich. Ohne sie funktioniert die Website m\u00f6glicherweise nicht ordnungsgem\u00e4\u00df.<\/li>\n\n\n\n<li><strong>Leistungs-Cookies<\/strong>Wir sammeln Informationen dar\u00fcber, wie Besucher unsere Website nutzen, um deren Leistung zu verbessern.<\/li>\n\n\n\n<li><strong>Funktionale Cookies<\/strong>Sie erm\u00f6glichen es der Website, sich Ihre Einstellungen zu merken und erweiterte Funktionen bereitzustellen.<\/li>\n\n\n\n<li><strong>Marketing-Cookies<\/strong>Dient dazu, Besucher \u00fcber verschiedene Websites hinweg zu verfolgen. Ziel ist es, dem einzelnen Nutzer relevante und ansprechende Werbung anzuzeigen.<\/li>\n<\/ul>\n\n\n\n<p><strong>3. So verwalten Sie Cookies<\/strong><\/p>\n\n\n\n<p>Sie k\u00f6nnen Cookies \u00fcber Ihre Browsereinstellungen verwalten. Die meisten Browser erm\u00f6glichen es Ihnen, Cookies abzulehnen oder eine Benachrichtigung zu erhalten, bevor ein Cookie auf Ihrem Ger\u00e4t gespeichert wird. Wenn Sie Cookies deaktivieren, stehen Ihnen jedoch m\u00f6glicherweise einige Funktionen unserer Website nicht zur Verf\u00fcgung.<\/p>\n\n\n\n<p><strong>4. \u00c4nderungen der Cookie-Richtlinie<\/strong><\/p>\n\n\n\n<p>Diese Cookie-Richtlinie kann von Zeit zu Zeit aktualisiert werden. \u00c4nderungen werden auf dieser Seite ver\u00f6ffentlicht und treten sofort nach Ver\u00f6ffentlichung in Kraft.<\/p>\n\n\n\n<p><strong>5. Kontakte<\/strong><\/p>\n\n\n\n<p>F\u00fcr weitere Informationen zu den von uns verwendeten Cookies kontaktieren Sie uns bitte unter:<br><strong>E-Mail<\/strong>:<a href=\"mailto:adrian.gramada91@gmail.com\"><\/a>info@adriangram.ch<\/p>","protected":false},"excerpt":{"rendered":"","protected":false},"author":1,"featured_media":0,"parent":0,"menu_order":0,"comment_status":"closed","ping_status":"closed","template":"","meta":{"footnotes":""},"class_list":["post-3590","page","type-page","status-publish"],"_links":{"self":[{"href":"https:\/\/adriangram.ch\/de\/wp-json\/wp\/v2\/pages\/3590","targetHints":{"allow":["GET"]}}],"collection":[{"href":"https:\/\/adriangram.ch\/de\/wp-json\/wp\/v2\/pages"}],"about":[{"href":"https:\/\/adriangram.ch\/de\/wp-json\/wp\/v2\/types\/page"}],"author":[{"embeddable":true,"href":"https:\/\/adriangram.ch\/de\/wp-json\/wp\/v2\/users\/1"}],"replies":[{"embeddable":true,"href":"https:\/\/adriangram.ch\/de\/wp-json\/wp\/v2\/comments?post=3590"}],"version-history":[{"count":1,"href":"https:\/\/adriangram.ch\/de\/wp-json\/wp\/v2\/pages\/3590\/revisions"}],"predecessor-version":[{"id":3915,"href":"https:\/\/adriangram.ch\/de\/wp-json\/wp\/v2\/pages\/3590\/revisions\/3915"}],"wp:attachment":[{"href":"https:\/\/adriangram.ch\/de\/wp-json\/wp\/v2\/media?parent=3590"}],"curies":[{"name":"wp","href":"https:\/\/api.w.org\/{rel}","templated":true}]}}